{"id":19,"date":"2024-07-04T16:11:33","date_gmt":"2024-07-04T16:11:33","guid":{"rendered":"https:\/\/wow-make-up.de\/?page_id=19"},"modified":"2024-09-10T16:13:39","modified_gmt":"2024-09-10T16:13:39","slug":"kontakt","status":"publish","type":"page","link":"https:\/\/wow-make-up.de\/?page_id=19","title":{"rendered":"Kontakt"},"content":{"rendered":"\n<p>Buche jetzt ganz einfach dein Styling bei <strong>Wow \u2013 Make-up &amp; Hair<\/strong>! W\u00e4hle deine gew\u00fcnschte Dienstleistung aus und sichere dir deinen Termin. Wir freuen uns darauf, dich bald pers\u00f6nlich zu stylen und deinen individuellen Look zu kreieren.<\/p>\n\n\n\n<script src=\"https:\/\/embed.ycb.me\"\tasync=\"true\"\tdata-domain=\"wow-make-up\"\tdata-type=\"button-floating\"\tdata-innertext=\"Buche deinen Termin\"\tdata-buttonicon=\"calendar\"\tdata-buttonposition=\"bottomRight\"\tdata-buttoncolor=\"#E997A5\"><\/script>\n\n\n\n<p><\/p>\n","protected":false},"excerpt":{"rendered":"<p>Buche jetzt ganz einfach dein Styling bei Wow \u2013 Make-up &amp; Hair! W\u00e4hle deine gew\u00fcnschte Dienstleistung aus und sichere dir deinen Termin. Wir freuen uns darauf, dich bald pers\u00f6nlich zu stylen und deinen individuellen Look zu kreieren.<\/p>\n","protected":false},"author":1,"featured_media":97,"parent":0,"menu_order":0,"comment_status":"closed","ping_status":"closed","template":"","meta":{"footnotes":""},"class_list":["post-19","page","type-page","status-publish","has-post-thumbnail","hentry"],"_links":{"self":[{"href":"https:\/\/wow-make-up.de\/index.php?rest_route=\/wp\/v2\/pages\/19"}],"collection":[{"href":"https:\/\/wow-make-up.de\/index.php?rest_route=\/wp\/v2\/pages"}],"about":[{"href":"https:\/\/wow-make-up.de\/index.php?rest_route=\/wp\/v2\/types\/page"}],"author":[{"embeddable":true,"href":"https:\/\/wow-make-up.de\/index.php?rest_route=\/wp\/v2\/users\/1"}],"replies":[{"embeddable":true,"href":"https:\/\/wow-make-up.de\/index.php?rest_route=%2Fwp%2Fv2%2Fcomments&post=19"}],"version-history":[{"count":13,"href":"https:\/\/wow-make-up.de\/index.php?rest_route=\/wp\/v2\/pages\/19\/revisions"}],"predecessor-version":[{"id":210,"href":"https:\/\/wow-make-up.de\/index.php?rest_route=\/wp\/v2\/pages\/19\/revisions\/210"}],"wp:featuredmedia":[{"embeddable":true,"href":"https:\/\/wow-make-up.de\/index.php?rest_route=\/wp\/v2\/media\/97"}],"wp:attachment":[{"href":"https:\/\/wow-make-up.de\/index.php?rest_route=%2Fwp%2Fv2%2Fmedia&parent=19"}],"curies":[{"name":"wp","href":"https:\/\/api.w.org\/{rel}","templated":true}]}}