{"id":15,"date":"2024-07-04T16:11:32","date_gmt":"2024-07-04T16:11:32","guid":{"rendered":"https:\/\/wow-make-up.de\/?page_id=15"},"modified":"2024-09-09T15:50:23","modified_gmt":"2024-09-09T15:50:23","slug":"ueber-mich","status":"publish","type":"page","link":"https:\/\/wow-make-up.de\/?page_id=15","title":{"rendered":"\u00dcber mich"},"content":{"rendered":"\n<p><strong>Britta von Wow \u2013 Make-up &amp; Hair<\/strong> ist die kreative Kraft hinter einzigartigen Stylings, die begeistern. Mit \u00fcber 15 Jahren Erfahrung als Hair- und Make-up-Artist bringt sie nicht nur Fachwissen, sondern auch eine tiefe Leidenschaft f\u00fcr ihre Arbeit mit. Jede Kundin und jeder Kunde wird bei Britta individuell beraten und liebevoll betreut \u2013 von nat\u00fcrlichen Tageslooks bis hin zu glamour\u00f6sen Event- und Brautstylings.<\/p>\n\n\n\n<p>Was Britta besonders auszeichnet, ist ihre Zuverl\u00e4ssigkeit. Egal, ob es sich um eine Hochzeit, ein Fotoshooting oder einen besonderen Anlass handelt \u2013 sie ist p\u00fcnktlich, gut organisiert und stets bereit, das Beste aus jedem Look herauszuholen. Ihre feinf\u00fchlige Art, auf pers\u00f6nliche W\u00fcnsche einzugehen, gepaart mit ihrer kreativen Expertise, sorgt daf\u00fcr, dass jeder Look einzigartig und auf den Punkt perfekt ist.<\/p>\n\n\n\n<p>Britta versteht es, die nat\u00fcrliche Sch\u00f6nheit ihrer Kunden zu betonen und ihnen das Selbstvertrauen zu geben, sich rundum wohlzuf\u00fchlen. Dank regelm\u00e4\u00dfiger Weiterbildungen und einem wachen Blick auf aktuelle Trends ist sie immer am Puls der Zeit und bringt frische Ideen in ihre Arbeit ein.<\/p>\n\n\n\n<p>Vertraue Britta und ihrem Talent, um deinen perfekten Look zu kreieren \u2013 denn bei Wow \u2013 Make-up &amp; Hair steht Qualit\u00e4t und Hingabe an erster Stelle.<\/p>\n\n\n\n<figure class=\"wp-block-gallery has-nested-images columns-3 is-cropped wp-block-gallery-1 is-layout-flex wp-block-gallery-is-layout-flex\">\n<figure class=\"wp-block-image size-large\"><a href=\"https:\/\/wow-make-up.de\/wp-content\/uploads\/2024\/09\/484790_357437631034034_1947852009_n.jpg\"><img loading=\"lazy\" decoding=\"async\" width=\"560\" height=\"371\" data-id=\"141\" src=\"https:\/\/wow-make-up.de\/wp-content\/uploads\/2024\/09\/484790_357437631034034_1947852009_n.jpg\" alt=\"\" class=\"wp-image-141\" srcset=\"https:\/\/wow-make-up.de\/wp-content\/uploads\/2024\/09\/484790_357437631034034_1947852009_n.jpg 560w, https:\/\/wow-make-up.de\/wp-content\/uploads\/2024\/09\/484790_357437631034034_1947852009_n-300x199.jpg 300w\" sizes=\"(max-width: 560px) 100vw, 560px\" \/><\/a><\/figure>\n\n\n\n<figure class=\"wp-block-image size-large\"><a href=\"https:\/\/wow-make-up.de\/wp-content\/uploads\/2024\/09\/563660_424569177616889_1924484333_n.jpg\"><img loading=\"lazy\" decoding=\"async\" width=\"850\" height=\"566\" data-id=\"148\" src=\"https:\/\/wow-make-up.de\/wp-content\/uploads\/2024\/09\/563660_424569177616889_1924484333_n.jpg\" alt=\"\" class=\"wp-image-148\" srcset=\"https:\/\/wow-make-up.de\/wp-content\/uploads\/2024\/09\/563660_424569177616889_1924484333_n.jpg 850w, https:\/\/wow-make-up.de\/wp-content\/uploads\/2024\/09\/563660_424569177616889_1924484333_n-300x200.jpg 300w, https:\/\/wow-make-up.de\/wp-content\/uploads\/2024\/09\/563660_424569177616889_1924484333_n-768x511.jpg 768w\" sizes=\"(max-width: 850px) 100vw, 850px\" \/><\/a><\/figure>\n\n\n\n<figure class=\"wp-block-image size-large\"><a href=\"https:\/\/wow-make-up.de\/wp-content\/uploads\/2024\/09\/341350_280563948636361_5064531_o.jpg\"><img loading=\"lazy\" decoding=\"async\" width=\"1000\" height=\"667\" data-id=\"149\" src=\"https:\/\/wow-make-up.de\/wp-content\/uploads\/2024\/09\/341350_280563948636361_5064531_o.jpg\" alt=\"\" class=\"wp-image-149\" srcset=\"https:\/\/wow-make-up.de\/wp-content\/uploads\/2024\/09\/341350_280563948636361_5064531_o.jpg 1000w, https:\/\/wow-make-up.de\/wp-content\/uploads\/2024\/09\/341350_280563948636361_5064531_o-300x200.jpg 300w, https:\/\/wow-make-up.de\/wp-content\/uploads\/2024\/09\/341350_280563948636361_5064531_o-768x512.jpg 768w\" sizes=\"(max-width: 1000px) 100vw, 1000px\" \/><\/a><\/figure>\n\n\n\n<figure class=\"wp-block-image size-large\"><a href=\"https:\/\/wow-make-up.de\/wp-content\/uploads\/2024\/09\/299222_280563095303113_4061757_n.jpg\"><img loading=\"lazy\" decoding=\"async\" width=\"480\" height=\"720\" data-id=\"146\" src=\"https:\/\/wow-make-up.de\/wp-content\/uploads\/2024\/09\/299222_280563095303113_4061757_n.jpg\" alt=\"\" class=\"wp-image-146\" srcset=\"https:\/\/wow-make-up.de\/wp-content\/uploads\/2024\/09\/299222_280563095303113_4061757_n.jpg 480w, https:\/\/wow-make-up.de\/wp-content\/uploads\/2024\/09\/299222_280563095303113_4061757_n-200x300.jpg 200w\" sizes=\"(max-width: 480px) 100vw, 480px\" \/><\/a><\/figure>\n\n\n\n<figure class=\"wp-block-image size-large\"><a href=\"https:\/\/wow-make-up.de\/wp-content\/uploads\/2024\/09\/427634_399845656708189_1026136204_n.jpg\"><img loading=\"lazy\" decoding=\"async\" width=\"360\" height=\"289\" data-id=\"147\" src=\"https:\/\/wow-make-up.de\/wp-content\/uploads\/2024\/09\/427634_399845656708189_1026136204_n.jpg\" alt=\"\" class=\"wp-image-147\" srcset=\"https:\/\/wow-make-up.de\/wp-content\/uploads\/2024\/09\/427634_399845656708189_1026136204_n.jpg 360w, https:\/\/wow-make-up.de\/wp-content\/uploads\/2024\/09\/427634_399845656708189_1026136204_n-300x241.jpg 300w\" sizes=\"(max-width: 360px) 100vw, 360px\" \/><\/a><\/figure>\n\n\n\n<figure class=\"wp-block-image size-large\"><a href=\"https:\/\/wow-make-up.de\/wp-content\/uploads\/2024\/09\/156623_541553109204109_1781374579_n.jpg\"><img loading=\"lazy\" decoding=\"async\" width=\"960\" height=\"635\" data-id=\"140\" src=\"https:\/\/wow-make-up.de\/wp-content\/uploads\/2024\/09\/156623_541553109204109_1781374579_n.jpg\" alt=\"\" class=\"wp-image-140\" srcset=\"https:\/\/wow-make-up.de\/wp-content\/uploads\/2024\/09\/156623_541553109204109_1781374579_n.jpg 960w, https:\/\/wow-make-up.de\/wp-content\/uploads\/2024\/09\/156623_541553109204109_1781374579_n-300x198.jpg 300w, https:\/\/wow-make-up.de\/wp-content\/uploads\/2024\/09\/156623_541553109204109_1781374579_n-768x508.jpg 768w\" sizes=\"(max-width: 960px) 100vw, 960px\" \/><\/a><\/figure>\n\n\n\n<figure class=\"wp-block-image size-large\"><a href=\"https:\/\/wow-make-up.de\/wp-content\/uploads\/2024\/09\/10488033_944919585534124_7075901959179462404_n.jpg\"><img loading=\"lazy\" decoding=\"async\" width=\"640\" height=\"960\" data-id=\"143\" src=\"https:\/\/wow-make-up.de\/wp-content\/uploads\/2024\/09\/10488033_944919585534124_7075901959179462404_n.jpg\" alt=\"\" class=\"wp-image-143\" srcset=\"https:\/\/wow-make-up.de\/wp-content\/uploads\/2024\/09\/10488033_944919585534124_7075901959179462404_n.jpg 640w, https:\/\/wow-make-up.de\/wp-content\/uploads\/2024\/09\/10488033_944919585534124_7075901959179462404_n-200x300.jpg 200w\" sizes=\"(max-width: 640px) 100vw, 640px\" \/><\/a><\/figure>\n\n\n\n<figure class=\"wp-block-image size-large\"><a href=\"https:\/\/wow-make-up.de\/wp-content\/uploads\/2024\/09\/10403226_973775752648507_1486465578266586212_n.jpg\"><img loading=\"lazy\" decoding=\"async\" width=\"720\" height=\"960\" data-id=\"144\" src=\"https:\/\/wow-make-up.de\/wp-content\/uploads\/2024\/09\/10403226_973775752648507_1486465578266586212_n.jpg\" alt=\"\" class=\"wp-image-144\" srcset=\"https:\/\/wow-make-up.de\/wp-content\/uploads\/2024\/09\/10403226_973775752648507_1486465578266586212_n.jpg 720w, https:\/\/wow-make-up.de\/wp-content\/uploads\/2024\/09\/10403226_973775752648507_1486465578266586212_n-225x300.jpg 225w\" sizes=\"(max-width: 720px) 100vw, 720px\" \/><\/a><\/figure>\n\n\n\n<figure class=\"wp-block-image size-large\"><a href=\"https:\/\/wow-make-up.de\/wp-content\/uploads\/2024\/09\/10710461_973649375994478_1075394204370738942_o.jpg\"><img loading=\"lazy\" decoding=\"async\" width=\"1024\" height=\"1024\" data-id=\"145\" src=\"https:\/\/wow-make-up.de\/wp-content\/uploads\/2024\/09\/10710461_973649375994478_1075394204370738942_o.jpg\" alt=\"\" class=\"wp-image-145\" srcset=\"https:\/\/wow-make-up.de\/wp-content\/uploads\/2024\/09\/10710461_973649375994478_1075394204370738942_o.jpg 1024w, https:\/\/wow-make-up.de\/wp-content\/uploads\/2024\/09\/10710461_973649375994478_1075394204370738942_o-300x300.jpg 300w, https:\/\/wow-make-up.de\/wp-content\/uploads\/2024\/09\/10710461_973649375994478_1075394204370738942_o-150x150.jpg 150w, https:\/\/wow-make-up.de\/wp-content\/uploads\/2024\/09\/10710461_973649375994478_1075394204370738942_o-768x768.jpg 768w, https:\/\/wow-make-up.de\/wp-content\/uploads\/2024\/09\/10710461_973649375994478_1075394204370738942_o-533x533.jpg 533w, https:\/\/wow-make-up.de\/wp-content\/uploads\/2024\/09\/10710461_973649375994478_1075394204370738942_o-640x640.jpg 640w, https:\/\/wow-make-up.de\/wp-content\/uploads\/2024\/09\/10710461_973649375994478_1075394204370738942_o-864x864.jpg 864w\" sizes=\"(max-width: 1024px) 100vw, 1024px\" \/><\/a><\/figure>\n<\/figure>\n\n\n\n<p><\/p>\n","protected":false},"excerpt":{"rendered":"<p>Britta von Wow \u2013 Make-up &amp; Hair ist die kreative Kraft hinter einzigartigen Stylings, die begeistern. Mit \u00fcber 15 Jahren Erfahrung als Hair- und Make-up-Artist bringt sie nicht nur Fachwissen, sondern auch eine tiefe Leidenschaft f\u00fcr ihre Arbeit mit. Jede Kundin und jeder Kunde wird &hellip; <a href=\"https:\/\/wow-make-up.de\/?page_id=15\" class=\"more-link\"><span>Continue reading<span class=\"screen-reader-text\">\u00dcber mich<\/span><\/span><\/a><\/p>\n","protected":false},"author":1,"featured_media":85,"parent":0,"menu_order":0,"comment_status":"closed","ping_status":"closed","template":"","meta":{"footnotes":""},"class_list":["post-15","page","type-page","status-publish","has-post-thumbnail","hentry"],"_links":{"self":[{"href":"https:\/\/wow-make-up.de\/index.php?rest_route=\/wp\/v2\/pages\/15"}],"collection":[{"href":"https:\/\/wow-make-up.de\/index.php?rest_route=\/wp\/v2\/pages"}],"about":[{"href":"https:\/\/wow-make-up.de\/index.php?rest_route=\/wp\/v2\/types\/page"}],"author":[{"embeddable":true,"href":"https:\/\/wow-make-up.de\/index.php?rest_route=\/wp\/v2\/users\/1"}],"replies":[{"embeddable":true,"href":"https:\/\/wow-make-up.de\/index.php?rest_route=%2Fwp%2Fv2%2Fcomments&post=15"}],"version-history":[{"count":7,"href":"https:\/\/wow-make-up.de\/index.php?rest_route=\/wp\/v2\/pages\/15\/revisions"}],"predecessor-version":[{"id":153,"href":"https:\/\/wow-make-up.de\/index.php?rest_route=\/wp\/v2\/pages\/15\/revisions\/153"}],"wp:featuredmedia":[{"embeddable":true,"href":"https:\/\/wow-make-up.de\/index.php?rest_route=\/wp\/v2\/media\/85"}],"wp:attachment":[{"href":"https:\/\/wow-make-up.de\/index.php?rest_route=%2Fwp%2Fv2%2Fmedia&parent=15"}],"curies":[{"name":"wp","href":"https:\/\/api.w.org\/{rel}","templated":true}]}}