{"id":14,"date":"2024-07-04T16:11:32","date_gmt":"2024-07-04T16:11:32","guid":{"rendered":"https:\/\/wow-make-up.de\/?page_id=14"},"modified":"2024-09-09T17:24:29","modified_gmt":"2024-09-09T17:24:29","slug":"home","status":"publish","type":"page","link":"https:\/\/wow-make-up.de\/","title":{"rendered":"Home"},"content":{"rendered":"\n<p>Herzlich willkommen bei <strong>Wow \u2013 Make-up &amp; Hair<\/strong>, deiner Hair- &amp; Make-up-Artist f\u00fcr stylische Make-up- und Haarlooks!<\/p>\n\n\n\n<p>Egal ob glamour\u00f6ses Make-up, elegante Brautfrisuren oder einer professionellen Begleitung f\u00fcr ein Foto- oder Businessshooting \u2013 bei uns stehst du im Mittelpunkt. Mit viel Liebe zum Detail und einem Gesp\u00fcr f\u00fcr aktuelle Trends zaubern wir dir Looks, die deine Pers\u00f6nlichkeit unterstreichen und dich strahlen lassen.<\/p>\n\n\n\n<p>Lehn dich zur\u00fcck, lass dich inspirieren und genie\u00dfe die entspannte Atmosph\u00e4re mit uns. Wir freuen uns darauf, dir das \u201eWow\u201c-Gef\u00fchl zu schenken!<\/p>\n\n\n\n<p><strong>Deine Britta von Wow \u2013 Make-up &amp; Hair<\/strong><\/p>\n","protected":false},"excerpt":{"rendered":"<p>Herzlich willkommen bei Wow \u2013 Make-up &amp; Hair, deiner Hair- &amp; Make-up-Artist f\u00fcr stylische Make-up- und Haarlooks! Egal ob glamour\u00f6ses Make-up, elegante Brautfrisuren oder einer professionellen Begleitung f\u00fcr ein Foto- oder Businessshooting \u2013 bei uns stehst du im Mittelpunkt. Mit viel Liebe zum Detail und &hellip; <a href=\"https:\/\/wow-make-up.de\/\" class=\"more-link\"><span>Continue reading<span class=\"screen-reader-text\">Home<\/span><\/span><\/a><\/p>\n","protected":false},"author":1,"featured_media":74,"parent":0,"menu_order":0,"comment_status":"closed","ping_status":"closed","template":"","meta":{"footnotes":""},"class_list":["post-14","page","type-page","status-publish","has-post-thumbnail","hentry"],"_links":{"self":[{"href":"https:\/\/wow-make-up.de\/index.php?rest_route=\/wp\/v2\/pages\/14"}],"collection":[{"href":"https:\/\/wow-make-up.de\/index.php?rest_route=\/wp\/v2\/pages"}],"about":[{"href":"https:\/\/wow-make-up.de\/index.php?rest_route=\/wp\/v2\/types\/page"}],"author":[{"embeddable":true,"href":"https:\/\/wow-make-up.de\/index.php?rest_route=\/wp\/v2\/users\/1"}],"replies":[{"embeddable":true,"href":"https:\/\/wow-make-up.de\/index.php?rest_route=%2Fwp%2Fv2%2Fcomments&post=14"}],"version-history":[{"count":7,"href":"https:\/\/wow-make-up.de\/index.php?rest_route=\/wp\/v2\/pages\/14\/revisions"}],"predecessor-version":[{"id":196,"href":"https:\/\/wow-make-up.de\/index.php?rest_route=\/wp\/v2\/pages\/14\/revisions\/196"}],"wp:featuredmedia":[{"embeddable":true,"href":"https:\/\/wow-make-up.de\/index.php?rest_route=\/wp\/v2\/media\/74"}],"wp:attachment":[{"href":"https:\/\/wow-make-up.de\/index.php?rest_route=%2Fwp%2Fv2%2Fmedia&parent=14"}],"curies":[{"name":"wp","href":"https:\/\/api.w.org\/{rel}","templated":true}]}}